{"id":86,"date":"2025-08-22T13:35:47","date_gmt":"2025-08-22T11:35:47","guid":{"rendered":"https:\/\/www.manfred-kamp.de\/?page_id=86"},"modified":"2025-09-09T19:43:01","modified_gmt":"2025-09-09T17:43:01","slug":"bilder-von-50-jahren-kamp-reisen","status":"publish","type":"page","link":"https:\/\/www.manfred-kamp.de\/index.php\/bilder-von-50-jahren-kamp-reisen\/","title":{"rendered":"50 Jahre Kamp Reisen"},"content":{"rendered":"<div class=\"wp-block-image\">\n<figure class=\"aligncenter size-full\"><a href=\"https:\/\/kampreisen.de\" target=\"_blank\" rel=\" noreferrer noopener\"><img loading=\"lazy\" decoding=\"async\" width=\"334\" height=\"191\" src=\"https:\/\/www.manfred-kamp.de\/wp-content\/uploads\/2025\/09\/KAMPReisen_mitBus_mitWWW.png\" alt=\"\" class=\"wp-image-269\" srcset=\"https:\/\/www.manfred-kamp.de\/wp-content\/uploads\/2025\/09\/KAMPReisen_mitBus_mitWWW.png 334w, https:\/\/www.manfred-kamp.de\/wp-content\/uploads\/2025\/09\/KAMPReisen_mitBus_mitWWW-300x172.png 300w\" sizes=\"auto, (max-width: 334px) 100vw, 334px\" \/><\/a><\/figure><\/div>\n\n\n<div class=\"wp-block-columns is-layout-flex wp-container-core-columns-is-layout-9d6595d7 wp-block-columns-is-layout-flex\">\n<div class=\"wp-block-column is-layout-flow wp-block-column-is-layout-flow\">\n<!-- Styles definieren -->\n<style>\n  :root {\n    --primary-red: #AD0133;\n  }\n\n  .table-responsive {\n    overflow-x: auto;\n  }\n\n  .meine-tabelle {\n    width: 100%;\n    border-collapse: collapse;\n  }\n\n  .meine-tabelle th,\n  .meine-tabelle td {\n    border: 1px solid #ddd;\n    padding: 8px;\n  }\n\n  .meine-tabelle th {\n    background-color: #f2f2f2;\n    text-align: left;\n  }\n\n  \/* Zebra-Striping *\/\n  .meine-tabelle tbody tr:nth-child(odd) {\n    background-color: #f9f9f9;\n  }\n\n  \/* Formatierung der Jahreszahlen *\/\n  .jahrzahl {\n    color: var(--primary-red);\n    font-weight: bold;\n  }\n<\/style>\n\n<!-- Responsive Wrapper -->\n<div class=\"table-responsive\">\n  <table class=\"meine-tabelle\">\n    \n    <thead>\n      <tr>\n        <th scope=\"col\">Jahr<\/th>\n        <th scope=\"col\">Ereignis<\/th>\n      <\/tr>\n    <\/thead>\n    <tbody>\n      <tr>\n        <td class=\"jahrzahl\">1972<\/td>\n        <td>Gr\u00fcndung der Firma Kamp<\/td>\n      <\/tr>\n      <tr>\n        <td class=\"jahrzahl\">1975<\/td>\n        <td>Beginn der Bef\u00f6rderung von Menschen mit Behinderung zu Werkst\u00e4tten, Schulen und anderen Einrichtungen<\/td>\n      <\/tr>\n      <tr>\n        <td class=\"jahrzahl\">1981<\/td>\n        <td>Bezug des Betriebes mit integrierter Kfz-Werkstatt in der Rheinhorststra\u00dfe 57, Ludwigshafen-Oggersheim<\/td>\n      <\/tr>\n      <tr>\n        <td class=\"jahrzahl\">1984<\/td>\n        <td>Gr\u00fcndung und Bezug der Filiale in Landstuhl, Philipp-Reis-Stra\u00dfe 17<\/td>\n      <\/tr>\n      <tr>\n        <td class=\"jahrzahl\">1987<\/td>\n        <td>Bezug des neuerstellten Betriebes mit integrierter Kfz-Werkstatt in Waldfischbach-Burgalben, Im Gefahr 1<\/td>\n      <\/tr>\n      <tr>\n        <td class=\"jahrzahl\">1992<\/td>\n        <td>Gr\u00fcndung der Verkehrsfachschule (betriebliche Aus- und Weiterbildungsst\u00e4tte) in der Niedererdstra\u00dfe 53, Oggersheim<\/td>\n      <\/tr>\n      <tr>\n        <td class=\"jahrzahl\">1997\u20132001<\/td>\n        <td>Er\u00f6ffnung und Betrieb eines eigenen Reiseb\u00fcros in LU-Gartenstadt, Maudacherstra\u00dfe 268<\/td>\n      <\/tr>\n      <tr>\n        <td class=\"jahrzahl\">2007<\/td>\n        <td>\u00dcbernahme der Fahrdienste f\u00fcr die St. Rochusklinik in Bad Sch\u00f6nborn<\/td>\n      <\/tr>\n      <tr>\n        <td class=\"jahrzahl\">2008<\/td>\n        <td>Umwandlung der Firma Kamp in Kamp Reisen GmbH &amp; Co. KG<\/td>\n      <\/tr>\n      <tr>\n        <td class=\"jahrzahl\">2009<\/td>\n        <td>Anerkennung als Aus- und Weiterbildungsst\u00e4tte f\u00fcr Berufskraftfahrer (BKrFQG) durch den Landesverband f\u00fcr Mobilit\u00e4t in Trier<\/td>\n      <\/tr>\n      <tr>\n        <td class=\"jahrzahl\">2010<\/td>\n        <td>Gr\u00fcndung der Kamp Reisen Betriebs- und Verkehrsfachschule GmbH in Oggersheim<\/td>\n      <\/tr>\n      <tr>\n        <td class=\"jahrzahl\">2010<\/td>\n        <td>Zertifizierung durch den T\u00dcV Hessen nach \u201eSicherheit im Busbetrieb\u201c und \u201eSichere Bef\u00f6rderung f\u00fcr Menschen mit Behinderung und Kranke\u201c<\/td>\n      <\/tr>\n      <tr>\n        <td class=\"jahrzahl\">2015<\/td>\n        <td>Umbau des B\u00fcrogeb\u00e4udes in der Rheinhorststra\u00dfe<\/td>\n      <\/tr>\n      <tr>\n        <td class=\"jahrzahl\">2023<\/td>\n        <td>\u00dcbergabe der Firma Kamp von M. W. Kamp an Michael Bauer<\/td>\n      <\/tr>\n    <\/tbody>\n  <\/table>\n<\/div>\n<\/div>\n<\/div>\n\n\n\n<p style=\"padding-top:0;padding-right:0;padding-bottom:0;padding-left:0\"><\/p>\n\n\n<div id=\"metaslider-id-31\" style=\"width: 100%;\" class=\"ml-slider-3-100-1 metaslider metaslider-flex metaslider-31 ml-slider has-onhover-arrows has-dots-onhover-navigation ms-theme-default-base\" role=\"region\" aria-label=\"New Slideshow\" data-height=\"480\" data-width=\"640\">\n    <div id=\"metaslider_container_31\">\n        <div id=\"metaslider_31\">\n            <ul aria-live='off' class='slides'>\n                <li style=\"display: block; width: 100%;\" class=\"slide-32 ms-image \" aria-roledescription=\"slide\" data-date=\"2025-08-05 23:15:59\"><img loading=\"lazy\" decoding=\"async\" src=\"https:\/\/www.manfred-kamp.de\/wp-content\/uploads\/2025\/08\/Reisebuero-retro-640x480.jpg\" height=\"480\" width=\"640\" alt=\"\" class=\"slider-31 slide-32 msDefaultImage\" title=\"Reisebu\u0308ro retro\" \/><\/li>\n                <li style=\"display: none; width: 100%;\" class=\"slide-33 ms-image \" aria-roledescription=\"slide\" data-date=\"2025-08-05 23:15:59\"><img loading=\"lazy\" decoding=\"async\" src=\"https:\/\/www.manfred-kamp.de\/wp-content\/uploads\/2025\/08\/PS-YH-ss-retro-scaled-640x480.jpg\" height=\"480\" width=\"640\" alt=\"\" class=\"slider-31 slide-33 msDefaultImage\" title=\"PS-YH \u00df retro\" \/><\/li>\n                <li style=\"display: none; width: 100%;\" class=\"slide-34 ms-image \" aria-roledescription=\"slide\" data-date=\"2025-08-05 23:15:59\"><img loading=\"lazy\" decoding=\"async\" src=\"https:\/\/www.manfred-kamp.de\/wp-content\/uploads\/2025\/08\/Manfred-mit-Schwein-640x480.jpg\" height=\"480\" width=\"640\" alt=\"\" class=\"slider-31 slide-34 msDefaultImage\" title=\"Manfred mit Schwein\" \/><\/li>\n                <li style=\"display: none; width: 100%;\" class=\"slide-35 ms-image \" aria-roledescription=\"slide\" data-date=\"2025-08-05 23:15:59\"><img loading=\"lazy\" decoding=\"async\" src=\"https:\/\/www.manfred-kamp.de\/wp-content\/uploads\/2025\/08\/Ludwigshafen-Betriebhof-retro-scaled-640x480.jpg\" height=\"480\" width=\"640\" alt=\"\" class=\"slider-31 slide-35 msDefaultImage\" title=\"Ludwigshafen Betriebhof retro\" \/><\/li>\n                <li style=\"display: none; width: 100%;\" class=\"slide-36 ms-image \" aria-roledescription=\"slide\" data-date=\"2025-08-05 23:15:59\"><img loading=\"lazy\" decoding=\"async\" src=\"https:\/\/www.manfred-kamp.de\/wp-content\/uploads\/2025\/08\/Kleinbus-retro-640x480.jpg\" height=\"480\" width=\"640\" alt=\"\" class=\"slider-31 slide-36 msDefaultImage\" title=\"Kleinbus retro\" \/><\/li>\n                <li style=\"display: none; width: 100%;\" class=\"slide-37 ms-image \" aria-roledescription=\"slide\" data-date=\"2025-08-05 23:15:59\"><img loading=\"lazy\" decoding=\"async\" src=\"https:\/\/www.manfred-kamp.de\/wp-content\/uploads\/2025\/08\/Gruppenbild-Lu-retro-640x480.jpg\" height=\"480\" width=\"640\" alt=\"\" class=\"slider-31 slide-37 msDefaultImage\" title=\"Gruppenbild Lu retro\" \/><\/li>\n                <li style=\"display: none; width: 100%;\" class=\"slide-38 ms-image \" aria-roledescription=\"slide\" data-date=\"2025-08-05 23:15:59\"><img loading=\"lazy\" decoding=\"async\" src=\"https:\/\/www.manfred-kamp.de\/wp-content\/uploads\/2025\/08\/Grossbus-vor-WPW-retro-scaled-640x480.jpg\" height=\"480\" width=\"640\" alt=\"\" class=\"slider-31 slide-38 msDefaultImage\" title=\"Gro\u00dfbus vor WPW retro\" \/><\/li>\n                <li style=\"display: none; width: 100%;\" class=\"slide-39 ms-image \" aria-roledescription=\"slide\" data-date=\"2025-08-05 23:15:59\"><img loading=\"lazy\" decoding=\"async\" src=\"https:\/\/www.manfred-kamp.de\/wp-content\/uploads\/2025\/08\/Geschaeft-retro-640x480.jpg\" height=\"480\" width=\"640\" alt=\"\" class=\"slider-31 slide-39 msDefaultImage\" title=\"Gescha\u0308ft retro\" \/><\/li>\n                <li style=\"display: none; width: 100%;\" class=\"slide-40 ms-image \" aria-roledescription=\"slide\" data-date=\"2025-08-05 23:15:59\"><img loading=\"lazy\" decoding=\"async\" src=\"https:\/\/www.manfred-kamp.de\/wp-content\/uploads\/2025\/08\/Gebaeude-WafiBA-640x480.jpg\" height=\"480\" width=\"640\" alt=\"\" class=\"slider-31 slide-40 msDefaultImage\" title=\"Geba\u0308ude WafiBA\" \/><\/li>\n                <li style=\"display: none; width: 100%;\" class=\"slide-41 ms-image \" aria-roledescription=\"slide\" data-date=\"2025-08-05 23:15:59\"><img loading=\"lazy\" decoding=\"async\" src=\"https:\/\/www.manfred-kamp.de\/wp-content\/uploads\/2025\/08\/Fuhrpark-Waldfischbach-640x480.jpg\" height=\"480\" width=\"640\" alt=\"\" class=\"slider-31 slide-41 msDefaultImage\" title=\"Fuhrpark Waldfischbach\" \/><\/li>\n                <li style=\"display: none; width: 100%;\" class=\"slide-42 ms-image \" aria-roledescription=\"slide\" data-date=\"2025-08-05 23:15:59\"><img loading=\"lazy\" decoding=\"async\" src=\"https:\/\/www.manfred-kamp.de\/wp-content\/uploads\/2025\/08\/Fuhrpark-Waldfischbach-retro-640x480.jpg\" height=\"480\" width=\"640\" alt=\"\" class=\"slider-31 slide-42 msDefaultImage\" title=\"Fuhrpark Waldfischbach retro\" \/><\/li>\n                <li style=\"display: none; width: 100%;\" class=\"slide-43 ms-image \" aria-roledescription=\"slide\" data-date=\"2025-08-05 23:15:59\"><img loading=\"lazy\" decoding=\"async\" src=\"https:\/\/www.manfred-kamp.de\/wp-content\/uploads\/2025\/08\/Bus-vor-WPW-retro-scaled-640x480.jpg\" height=\"480\" width=\"640\" alt=\"\" class=\"slider-31 slide-43 msDefaultImage\" title=\"Bus vor WPW retro\" \/><\/li>\n                <li style=\"display: none; width: 100%;\" class=\"slide-44 ms-image \" aria-roledescription=\"slide\" data-date=\"2025-08-05 23:15:59\"><img loading=\"lazy\" decoding=\"async\" src=\"https:\/\/www.manfred-kamp.de\/wp-content\/uploads\/2025\/08\/Bus-vor-WPW-lang-retro-640x480.jpg\" height=\"480\" width=\"640\" alt=\"\" class=\"slider-31 slide-44 msDefaultImage\" title=\"Bus vor WPW lang retro\" \/><\/li>\n                <li style=\"display: none; width: 100%;\" class=\"slide-45 ms-image \" aria-roledescription=\"slide\" data-date=\"2025-08-05 23:15:59\"><img loading=\"lazy\" decoding=\"async\" src=\"https:\/\/www.manfred-kamp.de\/wp-content\/uploads\/2025\/08\/Bus-Ludwigshafen-retro-640x480.jpg\" height=\"480\" width=\"640\" alt=\"\" class=\"slider-31 slide-45 msDefaultImage\" title=\"Bus Ludwigshafen retro\" \/><\/li>\n                <li style=\"display: none; width: 100%;\" class=\"slide-46 ms-image \" aria-roledescription=\"slide\" data-date=\"2025-08-05 23:15:59\"><img loading=\"lazy\" decoding=\"async\" src=\"https:\/\/www.manfred-kamp.de\/wp-content\/uploads\/2025\/08\/Bus-Fahrdienst-Ludwigshafen-retro-640x480.jpg\" height=\"480\" width=\"640\" alt=\"\" class=\"slider-31 slide-46 msDefaultImage\" title=\"Bus Fahrdienst Ludwigshafen retro\" \/><\/li>\n                <li style=\"display: none; width: 100%;\" class=\"slide-49 ms-image \" aria-roledescription=\"slide\" data-date=\"2025-08-05 23:16:00\"><img loading=\"lazy\" decoding=\"async\" src=\"https:\/\/www.manfred-kamp.de\/wp-content\/uploads\/2025\/08\/Unfall-retro-640x480.jpg\" height=\"480\" width=\"640\" alt=\"\" class=\"slider-31 slide-49 msDefaultImage\" title=\"Unfall retro\" \/><\/li>\n                <li style=\"display: none; width: 100%;\" class=\"slide-50 ms-image \" aria-roledescription=\"slide\" data-date=\"2025-08-05 23:16:00\"><img loading=\"lazy\" decoding=\"async\" src=\"https:\/\/www.manfred-kamp.de\/wp-content\/uploads\/2025\/08\/Waldfischbach-retro-640x480.jpg\" height=\"480\" width=\"640\" alt=\"\" class=\"slider-31 slide-50 msDefaultImage\" title=\"Waldfischbach retro\" \/><\/li>\n                <li style=\"display: none; width: 100%;\" class=\"slide-51 ms-image \" aria-roledescription=\"slide\" data-date=\"2025-08-05 23:16:00\"><img loading=\"lazy\" decoding=\"async\" src=\"https:\/\/www.manfred-kamp.de\/wp-content\/uploads\/2025\/08\/schwarz-weiss-Kleinbus-retro-640x480.jpg\" height=\"480\" width=\"640\" alt=\"\" class=\"slider-31 slide-51 msDefaultImage\" title=\"schwarz wei\u00df Kleinbus retro\" \/><\/li>\n                <li style=\"display: none; width: 100%;\" class=\"slide-52 ms-image \" aria-roledescription=\"slide\" data-date=\"2025-08-05 23:16:00\"><img loading=\"lazy\" decoding=\"async\" src=\"https:\/\/www.manfred-kamp.de\/wp-content\/uploads\/2025\/08\/Rollstuhfahrzeug-Ludwigshafen-retro-640x480.jpg\" height=\"480\" width=\"640\" alt=\"\" class=\"slider-31 slide-52 msDefaultImage\" title=\"Rollstuhfahrzeug Ludwigshafen retro\" \/><\/li>\n                <li style=\"display: none; width: 100%;\" class=\"slide-53 ms-image \" aria-roledescription=\"slide\" data-date=\"2025-08-05 23:16:00\"><img loading=\"lazy\" decoding=\"async\" src=\"https:\/\/www.manfred-kamp.de\/wp-content\/uploads\/2025\/08\/Rolli-Bus-retro-scaled-640x480.jpg\" height=\"480\" width=\"640\" alt=\"\" class=\"slider-31 slide-53 msDefaultImage\" title=\"Rolli Bus retro\" \/><\/li>\n                <li style=\"display: none; width: 100%;\" class=\"slide-54 ms-image \" aria-roledescription=\"slide\" data-date=\"2025-08-05 23:16:00\"><img loading=\"lazy\" decoding=\"async\" src=\"https:\/\/www.manfred-kamp.de\/wp-content\/uploads\/2025\/08\/Reisebus-weiss-retro-Kopie-640x480.jpg\" height=\"480\" width=\"640\" alt=\"\" class=\"slider-31 slide-54 msDefaultImage\" title=\"Reisebus wei\u00df retro Kopie\" \/><\/li>\n                <li style=\"display: none; width: 100%;\" class=\"slide-55 ms-image \" aria-roledescription=\"slide\" data-date=\"2025-08-05 23:16:00\"><img loading=\"lazy\" decoding=\"async\" src=\"https:\/\/www.manfred-kamp.de\/wp-content\/uploads\/2025\/08\/Reisebus-retro-640x480.jpg\" height=\"480\" width=\"640\" alt=\"\" class=\"slider-31 slide-55 msDefaultImage\" title=\"Reisebus retro\" \/><\/li>\n                <li style=\"display: none; width: 100%;\" class=\"slide-56 ms-image \" aria-roledescription=\"slide\" data-date=\"2025-08-05 23:16:00\"><img loading=\"lazy\" decoding=\"async\" src=\"https:\/\/www.manfred-kamp.de\/wp-content\/uploads\/2025\/08\/Fahrschulbus-tero-scaled-640x480.jpg\" height=\"480\" width=\"640\" alt=\"\" class=\"slider-31 slide-56 msDefaultImage\" title=\"Fahrschulbus tero\" \/><\/li>\n            <\/ul>\n        <\/div>\n        \n    <\/div>\n<\/div>\n\n\n\n<p style=\"padding-top:0;padding-right:0;padding-bottom:0;padding-left:0\"><\/p>\n\n\n<p><!-- Styles definieren --><\/p>\n<\/p>\n<p><!-- Responsive Wrapper --><\/p>\n<div class=\"table-responsive\">\u00a0<\/div>","protected":false},"excerpt":{"rendered":"<p>Jahr Ereignis 1972 Gr\u00fcndung der Firma Kamp 1975 Beginn der Bef\u00f6rderung von Menschen mit Behinderung zu Werkst\u00e4tten, Schulen und anderen Einrichtungen 1981 Bezug des Betriebes mit integrierter Kfz-Werkstatt in der Rheinhorststra\u00dfe 57, Ludwigshafen-Oggersheim 1984 Gr\u00fcndung und Bezug der Filiale in Landstuhl, Philipp-Reis-Stra\u00dfe 17 1987 Bezug des neuerstellten Betriebes mit integrierter Kfz-Werkstatt in Waldfischbach-Burgalben, Im Gefahr&hellip;&nbsp;<a href=\"https:\/\/www.manfred-kamp.de\/index.php\/bilder-von-50-jahren-kamp-reisen\/\" rel=\"bookmark\"><span class=\"screen-reader-text\">50 Jahre Kamp Reisen<\/span><\/a><\/p>\n","protected":false},"author":1,"featured_media":0,"parent":0,"menu_order":0,"comment_status":"closed","ping_status":"closed","template":"","meta":{"neve_meta_sidebar":"","neve_meta_container":"","neve_meta_enable_content_width":"off","neve_meta_content_width":70,"neve_meta_title_alignment":"left","neve_meta_author_avatar":"","neve_post_elements_order":"","neve_meta_disable_header":"","neve_meta_disable_footer":"","neve_meta_disable_title":"","neve_meta_reading_time":"","_themeisle_gutenberg_block_has_review":false,"footnotes":""},"class_list":["post-86","page","type-page","status-publish","hentry"],"_links":{"self":[{"href":"https:\/\/www.manfred-kamp.de\/index.php\/wp-json\/wp\/v2\/pages\/86","targetHints":{"allow":["GET"]}}],"collection":[{"href":"https:\/\/www.manfred-kamp.de\/index.php\/wp-json\/wp\/v2\/pages"}],"about":[{"href":"https:\/\/www.manfred-kamp.de\/index.php\/wp-json\/wp\/v2\/types\/page"}],"author":[{"embeddable":true,"href":"https:\/\/www.manfred-kamp.de\/index.php\/wp-json\/wp\/v2\/users\/1"}],"replies":[{"embeddable":true,"href":"https:\/\/www.manfred-kamp.de\/index.php\/wp-json\/wp\/v2\/comments?post=86"}],"version-history":[{"count":21,"href":"https:\/\/www.manfred-kamp.de\/index.php\/wp-json\/wp\/v2\/pages\/86\/revisions"}],"predecessor-version":[{"id":289,"href":"https:\/\/www.manfred-kamp.de\/index.php\/wp-json\/wp\/v2\/pages\/86\/revisions\/289"}],"wp:attachment":[{"href":"https:\/\/www.manfred-kamp.de\/index.php\/wp-json\/wp\/v2\/media?parent=86"}],"curies":[{"name":"wp","href":"https:\/\/api.w.org\/{rel}","templated":true}]}}