{"id":68,"date":"2025-08-22T13:00:49","date_gmt":"2025-08-22T11:00:49","guid":{"rendered":"https:\/\/www.manfred-kamp.de\/?page_id=68"},"modified":"2025-09-14T19:23:45","modified_gmt":"2025-09-14T17:23:45","slug":"manfred-kamp-als-arbeitgeber","status":"publish","type":"page","link":"https:\/\/www.manfred-kamp.de\/index.php\/manfred-kamp-als-arbeitgeber\/","title":{"rendered":"Manfred Kamp als Arbeitgeber"},"content":{"rendered":"\n<div class=\"wp-block-columns is-layout-flex wp-container-core-columns-is-layout-9d6595d7 wp-block-columns-is-layout-flex\">\n<div class=\"wp-block-column is-layout-flow wp-block-column-is-layout-flow\" style=\"padding-top:0;padding-right:var(--wp--preset--spacing--20);padding-bottom:0;padding-left:var(--wp--preset--spacing--20);flex-basis:25%\"><div class=\"wp-block-image\">\n<figure class=\"aligncenter size-full\"><img decoding=\"async\" src=\"https:\/\/www.manfred-kamp.de\/wp-content\/uploads\/2025\/09\/zitat2.jpg\" alt=\"\" class=\"wp-image-203\"\/><\/figure><\/div>\n\n\n<p class=\"has-text-align-center has-medium-font-size\" style=\"padding-right:var(--wp--preset--spacing--20);padding-left:var(--wp--preset--spacing--20)\"><em>Frau Falco<\/em><\/p>\n\n\n\n<p style=\"padding-right:var(--wp--preset--spacing--30);padding-left:var(--wp--preset--spacing--30)\">Herr Kamp war ein strenger Chef. Einer, der klare Ansagen machte, bei dem man wusste: Wer Mist baut, bekommt es direkt zu h\u00f6ren. Aber er war und ist auch der sozialste Mensch, den ich kenne \u2013 ein Mann, bei dem ein Handschlag noch etwas zu bedeuten hat. <\/p>\n\n\n\n<p style=\"padding-right:var(--wp--preset--spacing--30);padding-left:var(--wp--preset--spacing--30)\">Eines Tages standen Frau Hirsch,und ich&nbsp; Frau Falco auf dem Hof, bereit zu tanken. Da fiel sein Blick auf mein Schuhwerk. Mit lauter Stimme rief er \u00fcber den Hof: \u201eHast du kein Geld f\u00fcr richtige Schuhe?\u201c Ich lie\u00df sich nicht lumpen und konterte: \u201eNee \u2013 du zahlst zu wenig!\u201c Man h\u00e4tte denken k\u00f6nnen, damit w\u00e4re das Thema erledigt. Aber Herr Kamp griff in seine Tasche, holte seinen Geldbeutel hervor, holte f\u00fcnfzig Euro raus und dr\u00fcckte sie \u2013 mir\u2013 in die Hand. \u201eAber du nimmst das eh nicht\u201c, meinte er. Ich nahm sie. Sein Gesichtsausdruck in diesem Moment \u2013 eine Mischung aus \u00dcberraschung, Unglauben und leiser Bewunderung \u2013 war einfach unbezahlbar.<\/p>\n\n\n\n<p style=\"padding-right:var(--wp--preset--spacing--30);padding-left:var(--wp--preset--spacing--30)\">So war Herr Kamp: streng, direkt, aber immer mit Herz und einer Portion Humor.<\/p>\n<\/div>\n\n\n\n<div class=\"wp-block-column is-layout-flow wp-block-column-is-layout-flow\" style=\"flex-basis:50%\"><div class=\"wp-block-image\">\n<figure class=\"aligncenter size-full\"><img decoding=\"async\" src=\"https:\/\/www.manfred-kamp.de\/wp-content\/uploads\/2025\/09\/zitat2.jpg\" alt=\"\" class=\"wp-image-203\"\/><\/figure><\/div>\n\n\n<p class=\"has-text-align-center has-medium-font-size\" style=\"padding-right:var(--wp--preset--spacing--20);padding-left:var(--wp--preset--spacing--20)\"><em>Frau Reis &amp; Frau Provo<\/em><\/p>\n\n\n\n<p style=\"padding-right:var(--wp--preset--spacing--30);padding-left:var(--wp--preset--spacing--30)\">Lieber Herr Kamp,<br><br>durch Ihre Herzensg\u00fcte und soziale Art sind Sie mehr f\u00fcr uns als einfach nur ein Chef. Sie haben vielen von uns mit Ihren Streichen, auf ihre besonders humorvolle Art, sei es, dass wir Zucker, Sp\u00fclmaschinensalz oder Sonstiges in unseren Taschen fanden, ein L\u00e4cheln ins Gesicht gezaubert. Manchmal mussten Sie allerdings auch R\u00fcckschl\u00e4ge hinnehmen, wie z.b. (wir erinnern Sie sehr gerne an die Geschichte) im Realmarkt, als Sie einer Kundin Sahne in den Nacken spr\u00fchten und es im Nachhinein nicht die Person war, die Sie erwartet hatten. Diese Geschichte hat uns als ihr Team nat\u00fcrlich besonders erfreut. <br><br>Wir k\u00f6nnten Ihnen nun unz\u00e4hlige solcher Geschichten Ihrer Spitzbuben Art erz\u00e4hlen, von denen jede einzelne es wert w\u00e4re, noch mal erz\u00e4hlt zu werden. Allerdings w\u00e4ren f\u00fcr diese Erz\u00e4hlungen die n\u00e4chsten 80 Jahre  nicht ausreichend. Nichts desto trotz m\u00f6chten wir hier aber auch erw\u00e4hnen, dass Sie f\u00fcr jeden, durch Ihre humorvolle Art entstandenen Schaden auch gerade gestanden haben und es wieder bereinigt haben.<br><br>Diese Geste zeigt aber auch, welch einen wundervollen Charakter Sie haben und was f\u00fcr eine bezaubernde Seele Sie sind. Sie haben f\u00fcr viele von uns stets ein offenes Ohr, sind immer f\u00fcr jeden da und wir wissen es sehr zu sch\u00e4tzen, jemanden wie Sie in unserem Leben zu haben. F\u00fcr Sie gibt es kein Unterschied zwischen arm und reich, zwischen Arbeiter und Angestellten, zwischen Gesunden und Kranken. F\u00fcr Sie ist Mensch gleich Mensch, und diese Einstellung und Ihre humorvolle Art macht Sie f\u00fcr uns zu einem ganz besonderen Menschen und zu einem wundervollen Chef.<br><br>Was wir eigentlich sagen wollten, ist einfach nur Danke f\u00fcr die Erfahrungen mit Ihnen und dass wir Sie in unserem Leben haben d\u00fcrfen. F\u00fcr uns waren Sie der beste Chef, den es je gegeben hat.<\/p>\n\n\n\n<p style=\"padding-right:var(--wp--preset--spacing--30);padding-left:var(--wp--preset--spacing--30)\">Danke<\/p>\n<\/div>\n\n\n\n<div class=\"wp-block-column is-layout-flow wp-block-column-is-layout-flow\" style=\"flex-basis:25%\"><div class=\"wp-block-image\">\n<figure class=\"aligncenter size-full\"><img decoding=\"async\" src=\"https:\/\/www.manfred-kamp.de\/wp-content\/uploads\/2025\/09\/zitat2.jpg\" alt=\"\" class=\"wp-image-203\"\/><\/figure><\/div>\n\n\n<p class=\"has-text-align-center has-medium-font-size\" style=\"padding-right:var(--wp--preset--spacing--20);padding-left:var(--wp--preset--spacing--20)\"><em>Uschi &amp; Rolf Gro\u00df<\/em><\/p>\n\n\n\n<p style=\"padding-right:var(--wp--preset--spacing--30);padding-left:var(--wp--preset--spacing--30)\">Hallo Herr Kamp,<br><br>trotz meiner grauen Haare, die ich durch Sie habe- nach langen Jahren&#8230;waren sie der beste Chef\u2026wir werden Sie sehr vermissen&#8230;Alles Gute, vor allem Gesundheit w\u00fcnschen Ihnen von ganzem Herzen<\/p>\n\n\n\n<p style=\"padding-right:var(--wp--preset--spacing--30);padding-left:var(--wp--preset--spacing--30)\">Uschi&nbsp;u. Rolf&nbsp;Gro\u00df<\/p>\n<\/div>\n<\/div>\n\n\n\n<p><\/p>\n\n\n\n<p class=\"has-text-align-center has-medium-font-size\">Un jetzt kummscht du Monfred&#8230;<\/p>\n\n\n\n<div class=\"wp-block-columns is-layout-flex wp-container-core-columns-is-layout-9d6595d7 wp-block-columns-is-layout-flex\">\n<div class=\"wp-block-column is-layout-flow wp-block-column-is-layout-flow\" style=\"flex-basis:33.33%\">\n<figure class=\"wp-block-video\"><video controls src=\"https:\/\/www.manfred-kamp.de\/wp-content\/uploads\/2025\/09\/betriebsfeier.mp4\"><\/video><\/figure>\n<\/div>\n\n\n\n<div class=\"wp-block-column is-layout-flow wp-block-column-is-layout-flow\" style=\"flex-basis:66.66%\"><div class=\"wp-block-image is-style-rounded\">\n<figure class=\"aligncenter size-full is-resized has-custom-border\"><img loading=\"lazy\" decoding=\"async\" width=\"344\" height=\"294\" src=\"https:\/\/www.manfred-kamp.de\/wp-content\/uploads\/2025\/09\/witz-manfred-Homepage-3.jpg\" alt=\"\" class=\"wp-image-173\" style=\"border-radius:15px;width:749px;height:auto\" srcset=\"https:\/\/www.manfred-kamp.de\/wp-content\/uploads\/2025\/09\/witz-manfred-Homepage-3.jpg 344w, https:\/\/www.manfred-kamp.de\/wp-content\/uploads\/2025\/09\/witz-manfred-Homepage-3-300x256.jpg 300w\" sizes=\"auto, (max-width: 344px) 100vw, 344px\" \/><\/figure><\/div><\/div>\n<\/div>\n\n\n\n<p class=\"has-medium-font-size\"><\/p>\n\n\n\n<p class=\"has-medium-font-size\"><\/p>\n\n\n\n<p><br><\/p>\n","protected":false},"excerpt":{"rendered":"<p>Frau Falco Herr Kamp war ein strenger Chef. Einer, der klare Ansagen machte, bei dem man wusste: Wer Mist baut, bekommt es direkt zu h\u00f6ren. Aber er war und ist auch der sozialste Mensch, den ich kenne \u2013 ein Mann, bei dem ein Handschlag noch etwas zu bedeuten hat. Eines Tages standen Frau Hirsch,und ich&nbsp;&hellip;&nbsp;<a href=\"https:\/\/www.manfred-kamp.de\/index.php\/manfred-kamp-als-arbeitgeber\/\" rel=\"bookmark\"><span class=\"screen-reader-text\">Manfred Kamp als Arbeitgeber<\/span><\/a><\/p>\n","protected":false},"author":1,"featured_media":0,"parent":0,"menu_order":0,"comment_status":"closed","ping_status":"closed","template":"","meta":{"neve_meta_sidebar":"","neve_meta_container":"","neve_meta_enable_content_width":"","neve_meta_content_width":0,"neve_meta_title_alignment":"","neve_meta_author_avatar":"","neve_post_elements_order":"","neve_meta_disable_header":"","neve_meta_disable_footer":"","neve_meta_disable_title":"","neve_meta_reading_time":"","_themeisle_gutenberg_block_has_review":false,"footnotes":""},"class_list":["post-68","page","type-page","status-publish","hentry"],"_links":{"self":[{"href":"https:\/\/www.manfred-kamp.de\/index.php\/wp-json\/wp\/v2\/pages\/68","targetHints":{"allow":["GET"]}}],"collection":[{"href":"https:\/\/www.manfred-kamp.de\/index.php\/wp-json\/wp\/v2\/pages"}],"about":[{"href":"https:\/\/www.manfred-kamp.de\/index.php\/wp-json\/wp\/v2\/types\/page"}],"author":[{"embeddable":true,"href":"https:\/\/www.manfred-kamp.de\/index.php\/wp-json\/wp\/v2\/users\/1"}],"replies":[{"embeddable":true,"href":"https:\/\/www.manfred-kamp.de\/index.php\/wp-json\/wp\/v2\/comments?post=68"}],"version-history":[{"count":22,"href":"https:\/\/www.manfred-kamp.de\/index.php\/wp-json\/wp\/v2\/pages\/68\/revisions"}],"predecessor-version":[{"id":291,"href":"https:\/\/www.manfred-kamp.de\/index.php\/wp-json\/wp\/v2\/pages\/68\/revisions\/291"}],"wp:attachment":[{"href":"https:\/\/www.manfred-kamp.de\/index.php\/wp-json\/wp\/v2\/media?parent=68"}],"curies":[{"name":"wp","href":"https:\/\/api.w.org\/{rel}","templated":true}]}}