{"id":2,"date":"2025-08-05T17:30:25","date_gmt":"2025-08-05T15:30:25","guid":{"rendered":"https:\/\/www.manfred-kamp.de\/?page_id=2"},"modified":"2025-09-09T19:36:28","modified_gmt":"2025-09-09T17:36:28","slug":"beispiel-seite","status":"publish","type":"page","link":"https:\/\/www.manfred-kamp.de\/","title":{"rendered":"Zum 80. Geburtstag"},"content":{"rendered":"\n<h2 class=\"wp-block-heading\"><marquee behaviour=\"slide\" loop=\"1\">Herzlich Willkommen auf der Homepage von Manfred Wilhelm Kamp<\/marquee><\/h2>\n\n\n\n<p><\/p>\n\n\n\n<div class=\"wp-block-columns is-layout-flex wp-container-core-columns-is-layout-9d6595d7 wp-block-columns-is-layout-flex\">\n<div class=\"wp-block-column is-layout-flow wp-block-column-is-layout-flow\">\n<figure class=\"wp-block-video\"><video controls poster=\"https:\/\/www.manfred-kamp.de\/wp-content\/uploads\/2025\/09\/mkamp-2.png\" preload=\"auto\" src=\"https:\/\/www.manfred-kamp.de\/wp-content\/uploads\/2025\/09\/Manfred-Kamp2.webm\"><\/video><\/figure>\n\n\n\n<p class=\"has-text-align-center has-small-font-size\">\u00a9 SWR<\/p>\n<\/div>\n\n\n\n<div class=\"wp-block-column is-layout-flow wp-block-column-is-layout-flow\">\n<p class=\"has-text-align-right\">Das Leben von Manfred Kamp ist ein ganz Besonderes. Sein Lebenswerk, aber vor allem auch die Entstehung dieser Lebensleistung sind es w\u00fcrdig, dar\u00fcber zu berichten und es auf dieser Homepage wenigstens teilweise festzuhalten. Vielleicht kann man von einem &#8222;German Dream&#8220; sprechen, da er in einem katholischen Kinderheim aufgewachsen ist und  mit 21 Jahren einen Brief bekam, der in etwa lautete:<br>&#8222;Lieber Manfred, du wirst heute 21 Jahre und damit vollj\u00e4hrig. In zwei Wochen musst du aus dem Heim ausziehen. Anbei hast du als Startkapital 200 DM.&#8220; <br>51 Jahre sp\u00e4ter leitete er ein Busunternehmen mit 365 Fahrzeugen und 650 Mitarbeitern, das ist bei diesem Start ins Leben alles andere als selbstverst\u00e4ndlich. Doch es gelang. Aus dem von allen verlassenen Kind, wurde ein Unternehmer und Familienvater, der stets mit gro\u00dfem Verantwortungsgef\u00fchl f\u00fcr seine Mitarbeiter und seine Familie handelte, immer mit Blick auf die sozialen Herausforderungen unserer Gesellschaft und mit gro\u00dfem Herz f\u00fcr die darin Benachteiligten. Er wollte bewegen und hat Omnibusse und Herzen gleicherma\u00dfen bewegt.<\/p>\n<\/div>\n<\/div>\n\n\n\n<hr style=\"border-color: #8B0000;\"><p>\n\n\n\n<div class=\"wp-block-columns is-layout-flex wp-container-core-columns-is-layout-9d6595d7 wp-block-columns-is-layout-flex\">\n<div class=\"wp-block-column is-layout-flow wp-block-column-is-layout-flow\" style=\"flex-basis:66.66%\">\n<p>Geboren wurde Manfred Wilhelm Kamp am 9. September 1945 im Sch\u00fctzenhaus von Metternich, damals eine Unterkunft f\u00fcr mittellose Familien. Der 2. Weltkrieg und die&nbsp; dramatische Bombenangriff auf Metternich am 22. April 1944, bei dem sein \u00e4ltester Bruder und beide Gro\u00dfeltern ums Leben kamen, waren vorbei. nach der Scheidung ihrer Ehe war die Mutter von Manfred nicht mehr in der Lage ihn und seine \u00fcberlebenden vier&nbsp; Geschwister Renate, G\u00fcnther, Hans Joachim und Ursula zu versorgen. So wurden alle Kinder auf verschiedene Heime verteilt. Als Manfred in das Heim Propstey St.Joseph in Taben, das von katholischen Ordensschwestern gef\u00fchrt wurde, kam , war er gerade einmal 5 Jahre alt. Wie das Leben kurz nach dem Krieg in solchen Heimen aussah, kann man sich nur schwer vorstellen, viel Trauriges hat man schon oft dar\u00fcber geh\u00f6rt, aber Manfred entwickelte seine ganz besonders potente \u00dcberlebensstrategie, das war Humor, immer und \u00fcberall und in s\u00e4mtliche Auspr\u00e4gungen. Wahrscheinlich k\u00f6nnte man eine ganze Seite allein mit seinen Streichen, die durchaus mit denen von Michel aus L\u00f6nneberga mithalten k\u00f6nnten, f\u00fcllen. Da wurde etwa die Haube einer Nonne mit Rei\u00dfzwecken am Stuhl befestigt, oder vom Misthaufen aus Passanten mit Eiern beworfen&#8230;Nach diesen Einf\u00e4llen musste er regelm\u00e4\u00dfig als &#8222;Erziehungsma\u00dfnahme&#8220; die Einzelzelle des Kinderheimes aufsuchen, aber mit dem Wissen, dass Schwester Antonia, die ihm sehr zugetan war und mit der er auch als Erwachsener bis zu ihrem Tod im Kloster Marienhof Kontakt hielt, ihm wahrscheinlich ein extra St\u00fcck Hartwurst zukommen lie\u00df, zur \u00dcberbr\u00fcckung der &#8222;Einzelhaft&#8220;.<\/p>\n<\/div>\n\n\n\n<div class=\"wp-block-column is-layout-flow wp-block-column-is-layout-flow\" style=\"flex-basis:33.33%\"><div class=\"wp-block-image is-style-rounded\">\n<figure class=\"alignright is-resized has-custom-border\"><img loading=\"lazy\" decoding=\"async\" width=\"225\" height=\"300\" src=\"https:\/\/www.manfred-kamp.de\/wp-content\/uploads\/2025\/08\/PHOTO-2025-07-16-23-07-35-225x300.jpg\" alt=\"\" class=\"wp-image-104\" style=\"border-radius:15px;width:323px;height:auto\" srcset=\"https:\/\/www.manfred-kamp.de\/wp-content\/uploads\/2025\/08\/PHOTO-2025-07-16-23-07-35-225x300.jpg 225w, https:\/\/www.manfred-kamp.de\/wp-content\/uploads\/2025\/08\/PHOTO-2025-07-16-23-07-35-768x1024.jpg 768w, https:\/\/www.manfred-kamp.de\/wp-content\/uploads\/2025\/08\/PHOTO-2025-07-16-23-07-35-1152x1536.jpg 1152w, https:\/\/www.manfred-kamp.de\/wp-content\/uploads\/2025\/08\/PHOTO-2025-07-16-23-07-35.jpg 1500w\" sizes=\"auto, (max-width: 225px) 100vw, 225px\" \/><\/figure><\/div><\/div>\n<\/div>\n\n\n\n<hr style=\"border-color: #8B0000;\"><p>\n\n\n\n<div class=\"wp-block-columns is-layout-flex wp-container-core-columns-is-layout-9d6595d7 wp-block-columns-is-layout-flex\">\n<div class=\"wp-block-column is-layout-flow wp-block-column-is-layout-flow\" style=\"flex-basis:25%\"><\/div>\n\n\n\n<div class=\"wp-block-column is-layout-flow wp-block-column-is-layout-flow\" style=\"flex-basis:50%\">\n<blockquote class=\"wp-block-quote is-layout-flow wp-block-quote-is-layout-flow\">\n<p class=\"has-text-align-center\">&#8222;Die meisten Menschen legen ihre Kindheit ab <br>wie einen alten Hut.<br>Sie vergessen sie wie eine Telefonnummer, die nicht mehr gilt.<br>Fr\u00fcher waren sie Kinder, dann wurden sie Erwachsene,<br>aber was sind sie nun?<br>Nur wer erwachsen wird und ein Kind bleibt, ist ein Mensch.&#8220;&nbsp;<br><em>Erich K\u00e4stner<\/em><\/p>\n<\/blockquote>\n<\/div>\n\n\n\n<div class=\"wp-block-column is-layout-flow wp-block-column-is-layout-flow\" style=\"flex-basis:25%\"><\/div>\n<\/div>\n\n\n\n<hr style=\"border-color: #8B0000;\"><p>\n\n\n\n<div class=\"wp-block-columns is-layout-flex wp-container-core-columns-is-layout-9d6595d7 wp-block-columns-is-layout-flex\">\n<div class=\"wp-block-column is-layout-flow wp-block-column-is-layout-flow\" style=\"flex-basis:33.33%\">\n<figure class=\"wp-block-image size-large is-resized has-custom-border is-style-rounded\"><img loading=\"lazy\" decoding=\"async\" width=\"1024\" height=\"669\" src=\"https:\/\/www.manfred-kamp.de\/wp-content\/uploads\/2025\/08\/schwarz-weiss-Kleinbus-retro-1024x669.jpg\" alt=\"\" class=\"wp-image-11\" style=\"border-radius:15px;width:375px;height:auto\" srcset=\"https:\/\/www.manfred-kamp.de\/wp-content\/uploads\/2025\/08\/schwarz-weiss-Kleinbus-retro-1024x669.jpg 1024w, https:\/\/www.manfred-kamp.de\/wp-content\/uploads\/2025\/08\/schwarz-weiss-Kleinbus-retro-300x196.jpg 300w, https:\/\/www.manfred-kamp.de\/wp-content\/uploads\/2025\/08\/schwarz-weiss-Kleinbus-retro-768x502.jpg 768w, https:\/\/www.manfred-kamp.de\/wp-content\/uploads\/2025\/08\/schwarz-weiss-Kleinbus-retro.jpg 1531w\" sizes=\"auto, (max-width: 1024px) 100vw, 1024px\" \/><\/figure>\n<\/div>\n\n\n\n<div class=\"wp-block-column is-layout-flow wp-block-column-is-layout-flow\" style=\"flex-basis:66.66%\">\n<p class=\"has-text-align-right\">Mit 17 begann er eine Lehre zum Gro\u00df-und Einzelhandelskaufmann, die ihm sp\u00e4ter bei dem Aufbau seiner Firma gro\u00dfe Dienste leisten konnte. Mit 24 Jahren studierte er in Mannheim Sozialp\u00e4dagogik, wo er auch seine sp\u00e4tere Frau Erika Kamp kennenlernte. Angestellt als Sozialarbeiter bei der Stadt Ludwigshafen bemerkte er schnell, wo er sein Hauptaugenmerk hinlenken wollte. Die Teilhabe&nbsp; Menschen mit Beeintr\u00e4chtigungen am normalen Leben waren f\u00fcr Ihn das wichtigste Anliegen, so wie es der Artikel 3 des Grundgesetzes der Bundesrepublik Deutschland vorgibt: Alle Menschen sind vor dem Gesetz gleich. Er gr\u00fcndete den Club IfB, die Interessengemeinschaft f\u00fcr Behinderte, der den Menschen erm\u00f6glichen sollte, kulturelle Veranstaltungen und Feste zu besuchen und andere Freizeitangebote wahrzunehmen. F\u00fcr deren Transport kaufte er f\u00fcr 500 DM seinen ersten Bus. Damit war der Grundstein in die Selbst\u00e4ndigkeit gelegt.<\/p>\n<\/div>\n<\/div>\n\n\n\n<hr style=\"border-color: #8B0000;\"><p>\n\n\n\n<div class=\"wp-block-columns is-layout-flex wp-container-core-columns-is-layout-9d6595d7 wp-block-columns-is-layout-flex\">\n<div class=\"wp-block-column is-layout-flow wp-block-column-is-layout-flow\" style=\"flex-basis:66.66%\">\n<p><br>Aus diesem Engagement folgte erste Auftr\u00e4ge der Lebenshilfe zur Bef\u00f6rderung Kinder mit Beeintr\u00e4chtigung in Kinderg\u00e4rten und Schulen und sp\u00e4ter der Caritas f\u00fcr die erste in Ludwigshafen gegr\u00fcndete Werkst\u00e4tte f\u00fcr Menschen jeden Alters mit Behinderung. Die 1972 gegr\u00fcndete Firma wuchs rasant und konnte bald mehrere Filialen in der Westpfalz gr\u00fcnden und wurde so ein wichtiger Arbeitgeber in Ludwigshafen und Umgebung ,sowie wichtiger Baustein des sozialen Lebens. Gro\u00dfe Auftr\u00e4ge der evangelischen Kirche und der Stadt Ludwigshafen folgten und&nbsp; Manfred Wilhelm Kamp konnte St\u00fcck f\u00fcr St\u00fcck sein Lebenswerk aufbauen.&nbsp;<\/p>\n\n\n\n<p>Und was war nun mit seinem Humor? Den bekam und bekommt jeder zu sp\u00fcren, der mit ihm zu tun hat&#8230;von unz\u00e4hligen Erinnerungen an wilde Wasserschlachten, ausgiebige Spieleabende, Streiche bei Einkaufstouren, witzige Begegnungen mit anderen Menschen, die meistens erst \u00fcberrascht, dann aber meistens mit herzhaftem Lachen auf unseren Vater und seine unkonventionelle Art reagieren, tragen uns als Familie durchs Leben. Das gab und gibt uns den Mut, etwas zu wagen, anders sein zu d\u00fcrfen und sich ein kindliches Gem\u00fct zu behalten, mit dem Wissen um Selbstwirksamkeit &#8211; alles ist m\u00f6glich. Auf der Seite Manfred Kamp als&nbsp; Arbeitgeber kann man noch einige Eindr\u00fccke gewinnen.<\/p>\n<\/div>\n\n\n\n<div class=\"wp-block-column is-layout-flow wp-block-column-is-layout-flow\" style=\"flex-basis:33.33%\"><div class=\"wp-block-image is-style-rounded\">\n<figure class=\"alignright size-large is-resized has-custom-border\"><img loading=\"lazy\" decoding=\"async\" width=\"768\" height=\"1024\" src=\"https:\/\/www.manfred-kamp.de\/wp-content\/uploads\/2025\/08\/PHOTO-2025-07-15-02-30-43-768x1024.jpg\" alt=\"\" class=\"wp-image-106\" style=\"border-radius:15px;width:315px;height:auto\" srcset=\"https:\/\/www.manfred-kamp.de\/wp-content\/uploads\/2025\/08\/PHOTO-2025-07-15-02-30-43-768x1024.jpg 768w, https:\/\/www.manfred-kamp.de\/wp-content\/uploads\/2025\/08\/PHOTO-2025-07-15-02-30-43-225x300.jpg 225w, https:\/\/www.manfred-kamp.de\/wp-content\/uploads\/2025\/08\/PHOTO-2025-07-15-02-30-43-1152x1536.jpg 1152w, https:\/\/www.manfred-kamp.de\/wp-content\/uploads\/2025\/08\/PHOTO-2025-07-15-02-30-43.jpg 1200w\" sizes=\"auto, (max-width: 768px) 100vw, 768px\" \/><\/figure><\/div><\/div>\n<\/div>\n\n\n\n<hr style=\"border-color: #8B0000;\"><p>\n\n\n\n<div class=\"wp-block-columns is-layout-flex wp-container-core-columns-is-layout-9d6595d7 wp-block-columns-is-layout-flex\">\n<div class=\"wp-block-column is-layout-flow wp-block-column-is-layout-flow\" style=\"flex-basis:25%\"><\/div>\n\n\n\n<div class=\"wp-block-column is-layout-flow wp-block-column-is-layout-flow\" style=\"flex-basis:50%\">\n<figure class=\"wp-block-image size-large has-custom-border is-style-rounded\"><img loading=\"lazy\" decoding=\"async\" width=\"1024\" height=\"683\" src=\"https:\/\/www.manfred-kamp.de\/wp-content\/uploads\/2025\/08\/Mediathek-Opa-2-1-1024x683.jpg\" alt=\"\" class=\"wp-image-147\" style=\"border-radius:15px\" srcset=\"https:\/\/www.manfred-kamp.de\/wp-content\/uploads\/2025\/08\/Mediathek-Opa-2-1-1024x683.jpg 1024w, https:\/\/www.manfred-kamp.de\/wp-content\/uploads\/2025\/08\/Mediathek-Opa-2-1-300x200.jpg 300w, https:\/\/www.manfred-kamp.de\/wp-content\/uploads\/2025\/08\/Mediathek-Opa-2-1-768x512.jpg 768w, https:\/\/www.manfred-kamp.de\/wp-content\/uploads\/2025\/08\/Mediathek-Opa-2-1-1536x1024.jpg 1536w, https:\/\/www.manfred-kamp.de\/wp-content\/uploads\/2025\/08\/Mediathek-Opa-2-1-2048x1366.jpg 2048w, https:\/\/www.manfred-kamp.de\/wp-content\/uploads\/2025\/08\/Mediathek-Opa-2-1-930x620.jpg 930w\" sizes=\"auto, (max-width: 1024px) 100vw, 1024px\" \/><\/figure>\n<\/div>\n\n\n\n<div class=\"wp-block-column is-layout-flow wp-block-column-is-layout-flow\" style=\"flex-basis:25%\"><\/div>\n<\/div>\n\n\n<p style=\"text-align: center;\">Vielen Dank, lieber Papa f\u00fcr alles und viel Freude beim St\u00f6bern,\u00a0<\/p>\n<p style=\"text-align: center;\">Deine Tochter Juliane mit Familie<\/p>\n\n\n<p><\/p>\n","protected":false},"excerpt":{"rendered":"<p>Herzlich Willkommen auf der Homepage von Manfred Wilhelm Kamp \u00a9 SWR Das Leben von Manfred Kamp ist ein ganz Besonderes. Sein Lebenswerk, aber vor allem auch die Entstehung dieser Lebensleistung sind es w\u00fcrdig, dar\u00fcber zu berichten und es auf dieser Homepage wenigstens teilweise festzuhalten. Vielleicht kann man von einem &#8222;German Dream&#8220; sprechen, da er in&hellip;&nbsp;<a href=\"https:\/\/www.manfred-kamp.de\/\" rel=\"bookmark\"><span class=\"screen-reader-text\">Zum 80. Geburtstag<\/span><\/a><\/p>\n","protected":false},"author":1,"featured_media":0,"parent":0,"menu_order":0,"comment_status":"closed","ping_status":"open","template":"","meta":{"neve_meta_sidebar":"","neve_meta_container":"","neve_meta_enable_content_width":"","neve_meta_content_width":0,"neve_meta_title_alignment":"","neve_meta_author_avatar":"","neve_post_elements_order":"","neve_meta_disable_header":"","neve_meta_disable_footer":"","neve_meta_disable_title":"","neve_meta_reading_time":"","_themeisle_gutenberg_block_has_review":false,"footnotes":""},"class_list":["post-2","page","type-page","status-publish","hentry"],"_links":{"self":[{"href":"https:\/\/www.manfred-kamp.de\/index.php\/wp-json\/wp\/v2\/pages\/2","targetHints":{"allow":["GET"]}}],"collection":[{"href":"https:\/\/www.manfred-kamp.de\/index.php\/wp-json\/wp\/v2\/pages"}],"about":[{"href":"https:\/\/www.manfred-kamp.de\/index.php\/wp-json\/wp\/v2\/types\/page"}],"author":[{"embeddable":true,"href":"https:\/\/www.manfred-kamp.de\/index.php\/wp-json\/wp\/v2\/users\/1"}],"replies":[{"embeddable":true,"href":"https:\/\/www.manfred-kamp.de\/index.php\/wp-json\/wp\/v2\/comments?post=2"}],"version-history":[{"count":42,"href":"https:\/\/www.manfred-kamp.de\/index.php\/wp-json\/wp\/v2\/pages\/2\/revisions"}],"predecessor-version":[{"id":283,"href":"https:\/\/www.manfred-kamp.de\/index.php\/wp-json\/wp\/v2\/pages\/2\/revisions\/283"}],"wp:attachment":[{"href":"https:\/\/www.manfred-kamp.de\/index.php\/wp-json\/wp\/v2\/media?parent=2"}],"curies":[{"name":"wp","href":"https:\/\/api.w.org\/{rel}","templated":true}]}}